{"id":9,"date":"2023-06-09T16:02:52","date_gmt":"2023-06-09T14:02:52","guid":{"rendered":"https:\/\/pinch-of-soul.com\/?page_id=9"},"modified":"2025-12-03T16:16:19","modified_gmt":"2025-12-03T15:16:19","slug":"accueil","status":"publish","type":"page","link":"https:\/\/pinch-of-soul.com\/en\/","title":{"rendered":"Accueil"},"content":{"rendered":"<div data-elementor-type=\"wp-page\" data-elementor-id=\"9\" class=\"elementor elementor-9\" data-elementor-post-type=\"page\">\n\t\t\t\t\t\t<section class=\"elementor-section elementor-top-section elementor-element elementor-element-c09a5af section-video-accueil desktop elementor-section-content-middle elementor-section-boxed elementor-section-height-default elementor-section-height-default\" data-id=\"c09a5af\" data-element_type=\"section\" data-e-type=\"section\" data-settings=\"{&quot;background_background&quot;:&quot;video&quot;,&quot;background_video_link&quot;:&quot;https:\\\/\\\/pinch-of-soul.com\\\/wp-content\\\/uploads\\\/2025\\\/12\\\/1080.mov&quot;,&quot;background_play_on_mobile&quot;:&quot;yes&quot;,&quot;background_privacy_mode&quot;:&quot;yes&quot;}\">\n\t\t\t\t\t\t\t\t<div class=\"elementor-background-video-container\">\n\t\t\t\t\t\t\t\t\t\t\t\t\t<video class=\"elementor-background-video-hosted\" role=\"presentation\" autoplay muted playsinline loop><\/video>\n\t\t\t\t\t\t\t\t\t\t\t<\/div>\n\t\t\t\t\t\t\t\t\t<div class=\"elementor-background-overlay\"><\/div>\n\t\t\t\t\t\t\t<div class=\"elementor-container elementor-column-gap-default\">\n\t\t\t\t\t<div class=\"elementor-column elementor-col-100 elementor-top-column elementor-element elementor-element-e148f56\" data-id=\"e148f56\" data-element_type=\"column\" data-e-type=\"column\">\n\t\t\t<div class=\"elementor-widget-wrap elementor-element-populated\">\n\t\t\t\t\t\t<div class=\"elementor-element elementor-element-5263fff elementor-view-default elementor-widget elementor-widget-icon\" data-id=\"5263fff\" data-element_type=\"widget\" data-e-type=\"widget\" data-widget_type=\"icon.default\">\n\t\t\t\t<div class=\"elementor-widget-container\">\n\t\t\t\t\t\t\t<div class=\"elementor-icon-wrapper\">\n\t\t\t<div class=\"elementor-icon\">\n\t\t\t<svg xmlns=\"http:\/\/www.w3.org\/2000\/svg\" width=\"117\" height=\"188\" viewbox=\"0 0 117 188\" fill=\"none\"><path d=\"M53.2609 90.8084C53.7619 90.8602 56.9599 91.1639 58.5516 91.1639C77.9386 91.1639 93.7076 76.1167 93.7076 57.6263C93.7076 39.1358 77.9386 24.0887 58.5516 24.0887C54.9115 24.0887 51.3229 24.6145 47.8891 25.6586C33.2401 30.1016 23.2924 42.8161 23.2924 57.493H29.6516C29.6516 46.7038 36.3792 37.2623 46.5848 32.8711C46.6585 32.8415 46.828 32.7823 46.828 32.7823V51.5467C42.451 53.124 38.4424 55.6269 35.0602 58.9814C29.2684 64.7277 26.0852 72.2809 26.0852 80.234C26.0852 93.5853 34.2202 104.16 46.828 108.573V157.039C46.828 157.039 46.688 156.973 46.6069 156.943C40.1078 153.892 35.0602 148.338 33.1075 141.415L27.0726 143.133C30.838 156.491 43.6079 165.822 58.1168 165.822C75.8901 165.822 90.0085 152.367 90.2664 135.187C90.5464 115.912 79.8323 105.582 58.4189 104.478C56.6284 104.389 54.9115 104.167 53.2609 103.841M53.2609 56.3822C54.8672 56.1082 56.5178 55.9601 58.1905 55.9824C63.9528 56.0564 72.0658 59.0777 76.4206 64.7277C79.0807 68.1785 80.1271 72.4216 78.9186 76.9017C73.6942 81.8112 66.4877 84.8473 58.5516 84.8473C56.8052 84.8473 54.9557 84.6696 53.2609 84.3808M53.2314 30.8643C54.9778 30.5533 56.761 30.383 58.559 30.383C74.4827 30.383 87.4368 42.6014 87.4368 57.6115C87.4368 61.4547 86.5821 65.1054 85.0494 68.4229C84.3936 65.7348 83.1851 63.1875 81.3871 60.8549C75.5511 53.2943 65.316 49.7547 58.2716 49.6658C56.5694 49.6214 54.9041 49.7547 53.2609 49.9768M46.828 101.842C37.875 97.9691 32.3559 90.142 32.3559 80.2266C32.3559 73.9619 34.8834 68.0082 39.4667 63.4541C41.6257 61.314 44.1237 59.6256 46.828 58.3816M58.1168 159.498C56.4368 159.498 54.7936 159.328 53.1945 159.039V110.187C54.7862 110.454 56.4073 110.669 58.0947 110.75C69.3541 111.328 84.2904 114.482 83.9883 135.069C83.782 148.768 72.4195 159.49 58.1168 159.49V159.498Z\" fill=\"#9B7C38\"><\/path><path d=\"M60.0695 188H56.9231C25.5399 188 0 162.334 0 130.788V57.2042C0 25.666 25.5399 0 56.9305 0H60.0769C91.4675 0 117.007 25.666 117.007 57.2116V130.796C117.007 162.341 91.4675 188.007 60.0769 188.007L60.0695 188ZM56.9305 2.60659C26.9694 2.60659 2.59378 27.1026 2.59378 57.2116V130.796C2.59378 160.905 26.9694 185.401 56.9305 185.401H60.0769C90.038 185.401 114.414 160.905 114.414 130.796V57.2116C114.406 27.1026 90.0306 2.60659 60.0695 2.60659H56.9231H56.9305Z\" fill=\"#9B7C38\"><\/path><path d=\"M8.69503 129.159C7.36867 129.159 6.26337 128.589 5.24649 128.063C3.90539 127.375 2.7485 126.782 1.18634 127.427L0.589478 125.968C2.83693 125.042 4.49488 125.901 5.96125 126.664C7.30235 127.352 8.45923 127.945 10.0214 127.301C11.5909 126.656 11.9962 125.412 12.4678 123.976C12.9836 122.398 13.5731 120.614 15.8058 119.688C18.0533 118.77 19.7112 119.622 21.1776 120.377C22.5187 121.066 23.6756 121.658 25.2451 121.014C26.8146 120.369 27.2199 119.125 27.6989 117.689C28.2147 116.112 28.8042 114.327 31.0369 113.401C33.2917 112.476 34.9497 113.335 36.416 114.09C37.7571 114.779 38.9214 115.371 40.4909 114.727C42.0678 114.075 42.4731 112.839 42.9447 111.402C43.4679 109.825 44.0574 108.04 46.2974 107.114L46.8943 108.573C45.3174 109.225 44.9121 110.461 44.4405 111.898C43.9174 113.475 43.3279 115.26 41.0878 116.186C38.8403 117.119 37.175 116.252 35.7086 115.497C34.3675 114.808 33.2107 114.223 31.6338 114.86C30.0642 115.512 29.6589 116.748 29.18 118.185C28.6642 119.762 28.0747 121.547 25.842 122.473C23.6019 123.398 21.9366 122.539 20.4702 121.784C19.1291 121.095 17.9722 120.503 16.4027 121.147C14.8331 121.791 14.4279 123.035 13.9563 124.472C13.4405 126.049 12.851 127.834 10.6183 128.759C9.9256 129.048 9.2919 129.159 8.69503 129.159Z\" fill=\"#9B7C38\"><\/path><path d=\"M9.16663 139.378C7.75921 139.378 6.60969 138.808 5.55597 138.282C4.14118 137.579 2.91798 136.972 1.1495 137.645L0.589478 136.172C3.00641 135.261 4.72331 136.113 6.24863 136.868C7.66342 137.571 8.88662 138.186 10.6551 137.505C12.431 136.831 12.9468 135.565 13.5436 134.091C14.1921 132.514 14.9216 130.722 17.3311 129.804C19.7481 128.893 21.4723 129.744 22.9977 130.5C24.4124 131.203 25.643 131.818 27.4115 131.136C29.1873 130.463 29.7032 129.196 30.3 127.723C30.9485 126.145 31.678 124.353 34.0875 123.435C36.5118 122.517 38.2361 123.376 39.7614 124.131C41.1836 124.835 42.4068 125.442 44.1826 124.761C45.9658 124.087 46.4817 122.813 47.0859 121.347C47.7343 119.77 49.1418 120.481 48.5375 121.947C47.8891 123.524 47.1596 125.316 44.7426 126.234C42.3257 127.153 40.5941 126.294 39.0761 125.538C37.654 124.835 36.4308 124.227 34.6475 124.901C32.8717 125.575 32.3559 126.841 31.759 128.315C31.1106 129.892 30.3811 131.684 27.9715 132.603C25.5546 133.521 23.8303 132.662 22.305 131.907C20.8902 131.203 19.667 130.596 17.8912 131.27C16.1153 131.944 15.5995 133.21 15.0026 134.683C14.3542 136.261 13.6247 138.053 11.2151 138.971C10.4709 139.252 9.79297 139.371 9.16663 139.371V139.378Z\" fill=\"#9B7C38\"><\/path><path d=\"M12.0699 149.938C10.633 149.938 9.47616 149.323 8.41507 148.753C7.03712 148.02 5.8434 147.391 4.12649 148.013L3.59595 146.532C5.97603 145.673 7.66346 146.569 9.15194 147.361C10.5299 148.094 11.7162 148.723 13.4405 148.101C15.1722 147.472 15.688 146.228 16.2848 144.784C16.9333 143.222 17.6628 141.444 20.0429 140.585C22.4303 139.726 24.1177 140.622 25.6062 141.415C26.9842 142.148 28.1779 142.785 29.9022 142.155C31.6338 141.526 32.1496 140.282 32.7465 138.838C33.3949 137.275 34.1244 135.498 36.5045 134.639C38.892 133.773 40.5794 134.676 42.0752 135.461C43.4532 136.194 44.6543 136.824 46.3785 136.194C48.1175 135.565 48.6334 134.321 49.2302 132.869C49.8787 131.307 51.2787 132.025 50.6745 133.476C50.026 135.039 49.2965 136.816 46.9091 137.675C44.5216 138.542 42.8342 137.638 41.3384 136.853C39.9604 136.12 38.7667 135.498 37.035 136.12C35.3034 136.749 34.7876 137.994 34.1907 139.438C33.5423 141 32.8128 142.777 30.4253 143.636C28.0379 144.503 26.3505 143.599 24.862 142.807C23.484 142.074 22.2977 141.444 20.566 142.066C18.8344 142.696 18.3186 143.94 17.7217 145.384C17.0733 146.946 16.3438 148.723 13.9637 149.582C13.271 149.834 12.6447 149.931 12.0626 149.931L12.0699 149.938Z\" fill=\"#9B7C38\"><\/path><path d=\"M100.597 106.278C100.546 106.278 100.494 106.278 100.45 106.278C98.0698 106.278 95.8371 105.13 94.1718 103.042C92.5359 100.998 91.637 98.2801 91.637 95.407C91.637 89.594 99.5509 79.8193 99.8899 79.4046L100.354 78.8418L100.826 79.4046C101.172 79.8193 109.3 89.6014 109.292 95.4218C109.285 101.353 105.402 106.181 100.605 106.278H100.597ZM100.45 105.063C100.494 105.063 100.531 105.063 100.575 105.063C104.716 104.982 108.069 100.687 108.076 95.4144C108.076 90.7936 102.1 82.9442 100.361 80.7597C98.6593 82.9516 92.8454 90.7862 92.8454 95.407C92.8454 98.0061 93.6486 100.45 95.115 102.286C96.5519 104.078 98.4456 105.071 100.457 105.071L100.45 105.063Z\" fill=\"#9B7C38\"><\/path><path d=\"M101.047 113.527L99.7867 113.098V80.2192L101.047 80.2118V113.527Z\" fill=\"#9B7C38\"><\/path><path d=\"M100.214 100.916L91.8065 95.7032L92.4402 94.6739L100.848 99.887L100.214 100.916Z\" fill=\"#9B7C38\"><\/path><path d=\"M108.511 94.906L100.094 99.7756L100.697 100.828L109.114 95.9585L108.511 94.906Z\" fill=\"#9B7C38\"><\/path><path d=\"M100.45 92.9707L100.089 92.7041C96.1982 89.8359 94.3389 88.229 94.5108 87.8834L94.7392 87.4243L95.2329 87.5798L95.0561 88.15L95.4761 87.7353C95.7193 87.9575 98.512 90.0383 100.443 91.4601L105.321 87.8612L106.035 88.8387L100.443 92.9633L100.45 92.9707Z\" fill=\"#9B7C38\"><\/path><path d=\"M11.2151 57.493C11.4362 33.1747 32.4001 12.8626 58.0505 12.1665C83.4799 11.5149 105.159 31.9899 106.227 57.9077C106.758 70.8147 100.428 84.329 89.279 94.0518C80.385 101.812 69.5457 106.085 59.259 106.085C57.0779 106.085 54.9262 105.893 52.8261 105.507L53.1135 103.96C64.6971 106.1 77.8428 101.96 88.2548 92.867C99.0425 83.4552 105.181 70.4074 104.665 57.9743C103.648 33.3302 83.4209 13.729 59.3106 13.729C58.9053 13.729 58.5 13.729 58.0947 13.7438C33.218 14.4177 12.8952 34.1374 12.7847 57.7003\" fill=\"#9B7C38\"><\/path><path d=\"M7.37606 127.982C7.36132 127.027 7.36869 104.656 7.37606 102.197C7.37606 99.8796 10.6404 96.5251 11.2888 95.8735C12.4236 94.7479 13.9931 93.4076 15.0321 93.4076H15.0395C16.4027 93.415 18.2891 95.0663 19.6228 96.4585C19.9913 96.8435 23.2408 100.265 23.1966 102.064C23.1966 102.064 23.1966 121.451 23.1966 121.621L21.6345 121.599C21.6345 121.436 21.6345 102.042 21.6345 102.042C21.6492 101.538 20.4555 99.5982 18.4954 97.5618C16.6827 95.681 15.43 94.9923 15.0248 94.9923C13.8458 95.1256 8.94559 100.228 8.93822 102.212C8.93086 104.656 8.93822 127.752 8.93822 127.982H7.36869H7.37606Z\" fill=\"#9B7C38\"><\/path><path d=\"M11.2594 81.4188H5.86548V74.2507H11.2594V81.4188ZM7.43501 79.8415H9.68983V75.8279H7.43501V79.8415Z\" fill=\"#9B7C38\"><\/path><path d=\"M113.441 144.169C113.397 143.081 113.581 141.778 113.772 140.408C114.038 138.542 114.31 136.616 113.986 135.276C111.496 124.938 104.974 116.208 95.616 110.684C86.2504 105.159 75.1827 103.508 64.4244 106.041C60.1211 107.055 56.0462 108.699 52.3103 110.935L51.485 109.588C55.3609 107.27 59.5905 105.559 64.056 104.508C75.2122 101.886 86.7073 103.59 96.4266 109.329C106.153 115.067 112.94 124.153 115.526 134.906C115.924 136.535 115.622 138.608 115.342 140.622C115.158 141.926 114.981 143.155 115.025 144.103L113.434 144.169H113.441Z\" fill=\"#9B7C38\"><\/path><path d=\"M50.7962 161.678L49.4769 162.533L64.6013 186.117L65.9206 185.263L50.7962 161.678Z\" fill=\"#9B7C38\"><\/path><path d=\"M64.0979 162.702L62.7644 163.534L75.282 183.799L76.6155 182.967L64.0979 162.702Z\" fill=\"#9B7C38\"><\/path><path d=\"M74.3421 159.535L73.0086 160.367L85.5262 180.631L86.8597 179.799L74.3421 159.535Z\" fill=\"#9B7C38\"><\/path><path d=\"M82.3345 153.946L81.001 154.778L93.5187 175.043L94.8522 174.211L82.3345 153.946Z\" fill=\"#9B7C38\"><\/path><path d=\"M88.1797 144.719L86.8608 145.575L100.767 167.235L102.086 166.379L88.1797 144.719Z\" fill=\"#9B7C38\"><\/path><path d=\"M29.659 116.4H28.2663V58.8851H24.6851V66.4087H16.2259V58.8851H12.6447V66.4087H5.19495V58.8851H1.62114V65.7126H0.228455V57.493H6.58763V65.0091H11.2152V57.493H17.6186V65.0091H23.2924V57.3819H29.659V116.4Z\" fill=\"#9B7C38\"><\/path><\/svg>\t\t\t<\/div>\n\t\t<\/div>\n\t\t\t\t\t\t<\/div>\n\t\t\t\t<\/div>\n\t\t\t\t<div class=\"elementor-element elementor-element-01c3b86 elementor-widget elementor-widget-heading\" data-id=\"01c3b86\" data-element_type=\"widget\" data-e-type=\"widget\" data-widget_type=\"heading.default\">\n\t\t\t\t<div class=\"elementor-widget-container\">\n\t\t\t\t\t<h1 class=\"elementor-heading-title elementor-size-default\">Welcome to A Pinch of Soul<\/h1>\t\t\t\t<\/div>\n\t\t\t\t<\/div>\n\t\t\t\t<div class=\"elementor-element elementor-element-1fb6f6b elementor-widget elementor-widget-heading\" data-id=\"1fb6f6b\" data-element_type=\"widget\" data-e-type=\"widget\" data-widget_type=\"heading.default\">\n\t\t\t\t<div class=\"elementor-widget-container\">\n\t\t\t\t\t<span class=\"elementor-heading-title elementor-size-default\">Enjoy a moment with us to rethink the essentials<\/span>\t\t\t\t<\/div>\n\t\t\t\t<\/div>\n\t\t\t\t<div class=\"elementor-element elementor-element-4503a72 elementor-widget elementor-widget-heading\" data-id=\"4503a72\" data-element_type=\"widget\" data-e-type=\"widget\" data-widget_type=\"heading.default\">\n\t\t\t\t<div class=\"elementor-widget-container\">\n\t\t\t\t\t<span class=\"elementor-heading-title elementor-size-default\">SEASONAL PRIVATIZATION \u00b7 BED AND BREAKFAST \u00b7 SEMINARS \u00b7 EVENTS<\/span>\t\t\t\t<\/div>\n\t\t\t\t<\/div>\n\t\t\t\t\t<\/div>\n\t\t<\/div>\n\t\t\t\t\t<\/div>\n\t\t<\/section>\n\t\t\t\t<\/div>","protected":false},"excerpt":{"rendered":"<p>Bienvenue chez A Pinch&nbsp;of&nbsp;Soul Profitez d\u2019une parenth\u00e8se \u00e0 nos c\u00f4t\u00e9s pour repenser l\u2019essentiel Privatisation saisonni\u00e8re \u00b7 Chambres d\u2019h\u00f4tes \u00b7 S\u00e9minaires \u00b7 \u00c9v\u00e8nements<\/p>","protected":false},"author":1,"featured_media":0,"parent":0,"menu_order":0,"comment_status":"closed","ping_status":"closed","template":"","meta":{"_acf_changed":false,"footnotes":""},"class_list":["post-9","page","type-page","status-publish","hentry"],"acf":[],"_links":{"self":[{"href":"https:\/\/pinch-of-soul.com\/en\/wp-json\/wp\/v2\/pages\/9","targetHints":{"allow":["GET"]}}],"collection":[{"href":"https:\/\/pinch-of-soul.com\/en\/wp-json\/wp\/v2\/pages"}],"about":[{"href":"https:\/\/pinch-of-soul.com\/en\/wp-json\/wp\/v2\/types\/page"}],"author":[{"embeddable":true,"href":"https:\/\/pinch-of-soul.com\/en\/wp-json\/wp\/v2\/users\/1"}],"replies":[{"embeddable":true,"href":"https:\/\/pinch-of-soul.com\/en\/wp-json\/wp\/v2\/comments?post=9"}],"version-history":[{"count":0,"href":"https:\/\/pinch-of-soul.com\/en\/wp-json\/wp\/v2\/pages\/9\/revisions"}],"wp:attachment":[{"href":"https:\/\/pinch-of-soul.com\/en\/wp-json\/wp\/v2\/media?parent=9"}],"curies":[{"name":"wp","href":"https:\/\/api.w.org\/{rel}","templated":true}]}}